{"id":409,"date":"2023-06-06T12:00:30","date_gmt":"2023-06-06T10:00:30","guid":{"rendered":"http:\/\/18.159.216.47\/?page_id=409"},"modified":"2023-06-16T11:49:48","modified_gmt":"2023-06-16T09:49:48","slug":"adriaprest-ty-page","status":"publish","type":"page","link":"https:\/\/lingue-facili.com\/index.php\/adriaprest-ty-page\/","title":{"rendered":"ADRIAPREST &#8211; TY Page"},"content":{"rendered":"\t\t<div data-elementor-type=\"wp-page\" data-elementor-id=\"409\" class=\"elementor elementor-409\" data-elementor-post-type=\"page\">\n\t\t\t\t\t\t<section class=\"elementor-section elementor-top-section elementor-element elementor-element-84d3199 elementor-section-boxed elementor-section-height-default elementor-section-height-default\" data-id=\"84d3199\" data-element_type=\"section\" data-e-type=\"section\" data-settings=\"{&quot;background_background&quot;:&quot;classic&quot;}\">\n\t\t\t\t\t\t<div class=\"elementor-container elementor-column-gap-default\">\n\t\t\t\t\t<div class=\"elementor-column elementor-col-100 elementor-top-column elementor-element elementor-element-39eedd9\" data-id=\"39eedd9\" data-element_type=\"column\" data-e-type=\"column\">\n\t\t\t<div class=\"elementor-widget-wrap elementor-element-populated\">\n\t\t\t\t\t\t<div class=\"elementor-element elementor-element-33bf4ab elementor-widget elementor-widget-spacer\" data-id=\"33bf4ab\" data-element_type=\"widget\" data-e-type=\"widget\" data-widget_type=\"spacer.default\">\n\t\t\t\t<div class=\"elementor-widget-container\">\n\t\t\t\t\t\t\t<div class=\"elementor-spacer\">\n\t\t\t<div class=\"elementor-spacer-inner\"><\/div>\n\t\t<\/div>\n\t\t\t\t\t\t<\/div>\n\t\t\t\t<\/div>\n\t\t\t\t\t<\/div>\n\t\t<\/div>\n\t\t\t\t\t<\/div>\n\t\t<\/section>\n\t\t\t\t<section class=\"elementor-section elementor-top-section elementor-element elementor-element-d9cbd79 elementor-section-content-middle elementor-section-boxed elementor-section-height-default elementor-section-height-default\" data-id=\"d9cbd79\" data-element_type=\"section\" data-e-type=\"section\" data-settings=\"{&quot;background_background&quot;:&quot;classic&quot;}\">\n\t\t\t\t\t\t<div class=\"elementor-container elementor-column-gap-default\">\n\t\t\t\t\t<div class=\"elementor-column elementor-col-50 elementor-top-column elementor-element elementor-element-4ca0cfb\" data-id=\"4ca0cfb\" data-element_type=\"column\" data-e-type=\"column\">\n\t\t\t<div class=\"elementor-widget-wrap elementor-element-populated\">\n\t\t\t\t\t\t<div class=\"elementor-element elementor-element-aa193b7 elementor-view-default elementor-widget elementor-widget-icon\" data-id=\"aa193b7\" data-element_type=\"widget\" data-e-type=\"widget\" data-widget_type=\"icon.default\">\n\t\t\t\t<div class=\"elementor-widget-container\">\n\t\t\t\t\t\t\t<div class=\"elementor-icon-wrapper\">\n\t\t\t<div class=\"elementor-icon\">\n\t\t\t<svg aria-hidden=\"true\" class=\"e-font-icon-svg e-far-check-circle\" viewBox=\"0 0 512 512\" xmlns=\"http:\/\/www.w3.org\/2000\/svg\"><path d=\"M256 8C119.033 8 8 119.033 8 256s111.033 248 248 248 248-111.033 248-248S392.967 8 256 8zm0 48c110.532 0 200 89.451 200 200 0 110.532-89.451 200-200 200-110.532 0-200-89.451-200-200 0-110.532 89.451-200 200-200m140.204 130.267l-22.536-22.718c-4.667-4.705-12.265-4.736-16.97-.068L215.346 303.697l-59.792-60.277c-4.667-4.705-12.265-4.736-16.97-.069l-22.719 22.536c-4.705 4.667-4.736 12.265-.068 16.971l90.781 91.516c4.667 4.705 12.265 4.736 16.97.068l172.589-171.204c4.704-4.668 4.734-12.266.067-16.971z\"><\/path><\/svg>\t\t\t<\/div>\n\t\t<\/div>\n\t\t\t\t\t\t<\/div>\n\t\t\t\t<\/div>\n\t\t\t\t\t<\/div>\n\t\t<\/div>\n\t\t\t\t<div class=\"elementor-column elementor-col-50 elementor-top-column elementor-element elementor-element-e0ad1df\" data-id=\"e0ad1df\" data-element_type=\"column\" data-e-type=\"column\">\n\t\t\t<div class=\"elementor-widget-wrap elementor-element-populated\">\n\t\t\t\t\t\t<div class=\"elementor-element elementor-element-1b7b651 elementor-widget elementor-widget-heading\" data-id=\"1b7b651\" data-element_type=\"widget\" data-e-type=\"widget\" data-widget_type=\"heading.default\">\n\t\t\t\t<div class=\"elementor-widget-container\">\n\t\t\t\t\t<h2 class=\"elementor-heading-title elementor-size-default\">Richiesta di Preventivo Inviata!<\/h2>\t\t\t\t<\/div>\n\t\t\t\t<\/div>\n\t\t\t\t<div class=\"elementor-element elementor-element-0aa13b7 elementor-widget elementor-widget-text-editor\" data-id=\"0aa13b7\" data-element_type=\"widget\" data-e-type=\"widget\" data-widget_type=\"text-editor.default\">\n\t\t\t\t<div class=\"elementor-widget-container\">\n\t\t\t\t\t\t\t\t\t<p><span style=\"color: #ff0000;\">IMPORTANTE:&nbsp;<span style=\"color: #000000;\">Presto verrai contattato per <span style=\"text-decoration: underline;\">telefono<\/span> da un consulente che ti dar\u00e0 tutte le informazioni che vuoi senza impegno.<\/span><\/span><\/p>\n<p><span style=\"color: #ff0000;\"><span style=\"color: #000000;\">Assicurati di avere il cellulare a portata di mano.<\/span><\/span><\/p>\n<p><span style=\"color: #ff0000;\"><span style=\"color: #000000;\">Oppure chiama adesso il numero verde: 800587085.<\/span><\/span><\/p>\t\t\t\t\t\t\t\t<\/div>\n\t\t\t\t<\/div>\n\t\t\t\t\t<\/div>\n\t\t<\/div>\n\t\t\t\t\t<\/div>\n\t\t<\/section>\n\t\t\t\t<section class=\"elementor-section elementor-top-section elementor-element elementor-element-4b50faf elementor-section-boxed elementor-section-height-default elementor-section-height-default\" data-id=\"4b50faf\" data-element_type=\"section\" data-e-type=\"section\" data-settings=\"{&quot;background_background&quot;:&quot;classic&quot;}\">\n\t\t\t\t\t\t<div class=\"elementor-container elementor-column-gap-default\">\n\t\t\t\t\t<div class=\"elementor-column elementor-col-100 elementor-top-column elementor-element elementor-element-af63d85\" data-id=\"af63d85\" data-element_type=\"column\" data-e-type=\"column\">\n\t\t\t<div class=\"elementor-widget-wrap elementor-element-populated\">\n\t\t\t\t\t\t<div class=\"elementor-element elementor-element-616ae0b elementor-widget-divider--view-line elementor-widget elementor-widget-divider\" data-id=\"616ae0b\" data-element_type=\"widget\" data-e-type=\"widget\" data-widget_type=\"divider.default\">\n\t\t\t\t<div class=\"elementor-widget-container\">\n\t\t\t\t\t\t\t<div class=\"elementor-divider\">\n\t\t\t<span class=\"elementor-divider-separator\">\n\t\t\t\t\t\t<\/span>\n\t\t<\/div>\n\t\t\t\t\t\t<\/div>\n\t\t\t\t<\/div>\n\t\t\t\t\t<\/div>\n\t\t<\/div>\n\t\t\t\t\t<\/div>\n\t\t<\/section>\n\t\t\t\t<section class=\"elementor-section elementor-top-section elementor-element elementor-element-9582bb7 elementor-section-boxed elementor-section-height-default elementor-section-height-default\" data-id=\"9582bb7\" data-element_type=\"section\" data-e-type=\"section\" data-settings=\"{&quot;background_background&quot;:&quot;classic&quot;}\">\n\t\t\t\t\t\t<div class=\"elementor-container elementor-column-gap-default\">\n\t\t\t\t\t<div class=\"elementor-column elementor-col-100 elementor-top-column elementor-element elementor-element-025ff1f\" data-id=\"025ff1f\" data-element_type=\"column\" data-e-type=\"column\">\n\t\t\t<div class=\"elementor-widget-wrap elementor-element-populated\">\n\t\t\t\t\t\t<div class=\"elementor-element elementor-element-7c1697f elementor-widget elementor-widget-text-editor\" data-id=\"7c1697f\" data-element_type=\"widget\" data-e-type=\"widget\" data-widget_type=\"text-editor.default\">\n\t\t\t\t<div class=\"elementor-widget-container\">\n\t\t\t\t\t\t\t\t\t<p>In base alla nostra analisi, l&#8217;agenzia pi\u00f9 conveniente per te \u00e8: ADRIAPREST<\/p>\n<p>Abbiamo scelto Adriaprest perch\u00e9:<\/p>\n<p>1 &#8211; Offre prestiti a tassi molto convenienti<\/p>\n<p>2 &#8211; Ha una lunga esperienza nel settore<\/p>\n<p>3 &#8211; Ha numerose recensioni positive a 5 Stelle<\/p>\n<p>Se vuoi ottenere un prestito agevolato e alle condizioni migliori senza brutte sorprese, Adriaprest \u00e8 la scelta migliore.<\/p>\t\t\t\t\t\t\t\t<\/div>\n\t\t\t\t<\/div>\n\t\t\t\t\t<\/div>\n\t\t<\/div>\n\t\t\t\t\t<\/div>\n\t\t<\/section>\n\t\t\t\t<section class=\"elementor-section elementor-top-section elementor-element elementor-element-4925e5e elementor-section-boxed elementor-section-height-default elementor-section-height-default\" data-id=\"4925e5e\" data-element_type=\"section\" data-e-type=\"section\" data-settings=\"{&quot;background_background&quot;:&quot;classic&quot;}\">\n\t\t\t\t\t\t<div class=\"elementor-container elementor-column-gap-default\">\n\t\t\t\t\t<div class=\"elementor-column elementor-col-100 elementor-top-column elementor-element elementor-element-fcd392d\" data-id=\"fcd392d\" data-element_type=\"column\" data-e-type=\"column\">\n\t\t\t<div class=\"elementor-widget-wrap elementor-element-populated\">\n\t\t\t\t\t\t<div class=\"elementor-element elementor-element-ccf2396 elementor-widget-divider--view-line elementor-widget elementor-widget-divider\" data-id=\"ccf2396\" data-element_type=\"widget\" data-e-type=\"widget\" data-widget_type=\"divider.default\">\n\t\t\t\t<div class=\"elementor-widget-container\">\n\t\t\t\t\t\t\t<div class=\"elementor-divider\">\n\t\t\t<span class=\"elementor-divider-separator\">\n\t\t\t\t\t\t<\/span>\n\t\t<\/div>\n\t\t\t\t\t\t<\/div>\n\t\t\t\t<\/div>\n\t\t\t\t<div class=\"elementor-element elementor-element-748936b elementor-widget elementor-widget-text-editor\" data-id=\"748936b\" data-element_type=\"widget\" data-e-type=\"widget\" data-widget_type=\"text-editor.default\">\n\t\t\t\t<div class=\"elementor-widget-container\">\n\t\t\t\t\t\t\t\t\t<p>2023 Tutti i Diritti Riservati\u00a0 \u2013 <a href=\"https:\/\/www.adriaprest.it\/pdf\/privacy.pdf\">Privacy &amp; Cookie Policy<\/a> &#8211; <a href=\"https:\/\/www.adriaprest.it\/trasparenza2.html\">Trasparenza<\/a><\/p>\t\t\t\t\t\t\t\t<\/div>\n\t\t\t\t<\/div>\n\t\t\t\t<div class=\"elementor-element elementor-element-111d8e8 elementor-widget elementor-widget-text-editor\" data-id=\"111d8e8\" data-element_type=\"widget\" data-e-type=\"widget\" data-widget_type=\"text-editor.default\">\n\t\t\t\t<div class=\"elementor-widget-container\">\n\t\t\t\t\t\t\t\t\t<p>Questa \u00e8 una pubblicit\u00e0 e non un articolo di notizie, un blog o un aggiornamento sulla protezione dei consumatori. Ci dedichiamo a portare ai lettori informazioni preziose che possono aiutarli a realizzare i loro obiettivi finanziari, tramite anche l\u2019impiego di tecniche di storytelling per illustrare i servizi proposti. Le storie raccontate in questa pagina pertanto costituiscono una pubblicit\u00e0 con scopo informativo, funziona a far comprendere il potenziale di quanto proposto. Questa pagina \u00e8 una pubblicit\u00e0. Ci auguriamo che troviate la nostra risorsa online informativa e utile.\u00a0Messaggio pubblicitario con finalit\u00e0 promozionale. Offerta valida per le proposte di finanziamento effettuate dal 1.05.2023 fino al 31.07.2023 per: A) il prodotto cessione del quinto dello stipendio e riservata ai dipendenti di amministrazioni pubbliche e statali che abbiano meno di 45 anni di et\u00e0 alla scadenza del finanziamento B) il prodotto cessione del quinto della pensione e riservata ai pensionati con meno di 65 anni di et\u00e0 alla scadenza del finanziamento.\u00a0Esempio rappresentativo: importo totale del credito pari a 25.000,70 \u20ac; importo totale dovuto dal Consumatore pari a\u00a032.731,20\u00a0\u20ac da restituire in 120 rate mensili da\u00a0272,76\u00a0\u20ac cadauna. TAEG: 5,76%. Costo totale del credito:\u00a07.730,50\u00a0\u20ac composto da interessi pari a\u00a07.712,50\u00a0\u20ac nella misura del 5,60% di TAN (tasso fisso) e oneri fiscali pari a 18,00 \u20ac. Per le condizioni contrattuali di offerta al pubblico si rinvia al Documento informativo sul prodotto &#8220;Cessione del quinto dello stipendio\u201d disponibile nella sezione &#8220;Trasparenza\u201d. Per le condizioni personalizzate, sulla base delle informazioni e preferenze manifestate dal cliente, \u00e8 necessario far riferimento al documento &#8220;Informazioni Europee di base sul credito ai consumatori\u201d,. Finanziamenti soggetti ad approvazione ed erogazione dell\u2019istituto erogante. TAEG massimo pari al &#8220;tasso soglia&#8221; trimestralmente definito dal Ministero dell&#8217;Economia delle Finanze ai sensi della Legge 7 marzo 1996, n. 108 &#8211; Disposizioni in materia di usura, relativamente alla categoria &#8220;Prestiti contro cessione del quinto dello stipendio&#8221; che per il secondo trimestre 2023 \u00e8 20,1125% per importi fino ad \u20ac 15.000,00, 15,0625% per importi oltre \u20ac 15.000,00. La DURATA del prestito pu\u00f2 variare da 24 a 120 mesi.\u00a0La Convenzione per i pensionati Inps,ex-Inpdap,ex-Enpals,ex-Ipost e la convenzione Noipa per dipendenti statali \u00e8 stata sottoscritta dalla mandante (ente finanziatore)\u00a0\u00a0 \u00a0La presente promozione \u00e8 effettuata da Adriaprest S.R.L.\u00a0Sede Legale Via Martiri dei Lager 60 Perugia Tel. 0755001752 Codice Fiscale e Partita Iva 03591370543\u00a0\u00a0iscritta nell\u2019Elenco tenuto dall\u2019O.A.M. al\u00a0n. A11465,\u00a0opera quale Agente in attivit\u00e0 finanziaria monomandatario per il prodotto Finanziamenti contro cessione del quinto dello stipendio\/pensione o delega di pagamento. Per informazioni economiche e contrattuali sui prodotti fornisce gratuitamente: (i) il modello delle Informazioni Europee di Base sul credito ai consumatori (Secci), (ii) la guida ABF, (iii) la guida sul credito ai consumatori, (iv) su richiesta una copia del testo contrattuale idonea per la stipula ed ogni altra informazione necessaria per consentirgli il confronto tra le diverse offerte del credito sul mercato. Consulta la sezione \u201c<a href=\"https:\/\/www.adriaprest.it\/trasparenza2.html\">Trasparenza<\/a>\u201d.\u00a0Diritto di recesso entro 14 giorni dalla sottoscrizione della proposta contrattuale.\u00a0Adriaprest srl Sede Legale Via Martiri dei Lager 60 Perugia Tel. 0755001752 Codice Fiscale e Partita Iva 03591370543<\/p>\t\t\t\t\t\t\t\t<\/div>\n\t\t\t\t<\/div>\n\t\t\t\t\t<\/div>\n\t\t<\/div>\n\t\t\t\t\t<\/div>\n\t\t<\/section>\n\t\t\t\t<\/div>\n\t\t","protected":false},"excerpt":{"rendered":"<p>Richiesta di Preventivo Inviata! IMPORTANTE:&nbsp;Presto verrai contattato per telefono da un consulente che ti dar\u00e0 tutte le informazioni che vuoi senza impegno. Assicurati di avere il cellulare a portata di mano. Oppure chiama adesso il numero verde: 800587085. In base alla nostra analisi, l&#8217;agenzia pi\u00f9 conveniente per te \u00e8: ADRIAPREST Abbiamo scelto Adriaprest perch\u00e9: 1 [&hellip;]<\/p>\n","protected":false},"author":1,"featured_media":0,"parent":0,"menu_order":0,"comment_status":"closed","ping_status":"closed","template":"elementor_canvas","meta":{"footnotes":""},"folder":[4],"class_list":["post-409","page","type-page","status-publish","hentry"],"yoast_head":"<!-- This site is optimized with the Yoast SEO plugin v27.5 - https:\/\/yoast.com\/product\/yoast-seo-wordpress\/ -->\n<title>NotizieFinanzarie.it<\/title>\n<meta name=\"robots\" content=\"index, follow, max-snippet:-1, max-image-preview:large, max-video-preview:-1\" \/>\n<link rel=\"canonical\" href=\"https:\/\/caricamento-articolo-in-corso.com\/index.php\/adriaprest-ty-page\/\" \/>\n<meta property=\"og:locale\" content=\"it_IT\" \/>\n<meta property=\"og:type\" content=\"article\" \/>\n<meta property=\"og:title\" content=\"NotizieFinanzarie.it\" \/>\n<meta property=\"og:description\" content=\"Richiesta di Preventivo Inviata! IMPORTANTE:&nbsp;Presto verrai contattato per telefono da un consulente che ti dar\u00e0 tutte le informazioni che vuoi senza impegno. Assicurati di avere il cellulare a portata di mano. Oppure chiama adesso il numero verde: 800587085. In base alla nostra analisi, l&#8217;agenzia pi\u00f9 conveniente per te \u00e8: ADRIAPREST Abbiamo scelto Adriaprest perch\u00e9: 1 [&hellip;]\" \/>\n<meta property=\"og:url\" content=\"https:\/\/caricamento-articolo-in-corso.com\/index.php\/adriaprest-ty-page\/\" \/>\n<meta property=\"og:site_name\" content=\"Notizie Aggiornate\" \/>\n<meta property=\"article:modified_time\" content=\"2023-06-16T09:49:48+00:00\" \/>\n<meta name=\"twitter:card\" content=\"summary_large_image\" \/>\n<meta name=\"twitter:label1\" content=\"Tempo di lettura stimato\" \/>\n\t<meta name=\"twitter:data1\" content=\"4 minuti\" \/>\n<script type=\"application\/ld+json\" class=\"yoast-schema-graph\">{\"@context\":\"https:\\\/\\\/schema.org\",\"@graph\":[{\"@type\":\"WebPage\",\"@id\":\"https:\\\/\\\/caricamento-articolo-in-corso.com\\\/index.php\\\/adriaprest-ty-page\\\/\",\"url\":\"https:\\\/\\\/caricamento-articolo-in-corso.com\\\/index.php\\\/adriaprest-ty-page\\\/\",\"name\":\"NotizieFinanzarie.it\",\"isPartOf\":{\"@id\":\"https:\\\/\\\/terapie-efficaci.com\\\/#website\"},\"datePublished\":\"2023-06-06T10:00:30+00:00\",\"dateModified\":\"2023-06-16T09:49:48+00:00\",\"breadcrumb\":{\"@id\":\"https:\\\/\\\/caricamento-articolo-in-corso.com\\\/index.php\\\/adriaprest-ty-page\\\/#breadcrumb\"},\"inLanguage\":\"it-IT\",\"potentialAction\":[{\"@type\":\"ReadAction\",\"target\":[\"https:\\\/\\\/caricamento-articolo-in-corso.com\\\/index.php\\\/adriaprest-ty-page\\\/\"]}]},{\"@type\":\"BreadcrumbList\",\"@id\":\"https:\\\/\\\/caricamento-articolo-in-corso.com\\\/index.php\\\/adriaprest-ty-page\\\/#breadcrumb\",\"itemListElement\":[{\"@type\":\"ListItem\",\"position\":1,\"name\":\"Home\",\"item\":\"https:\\\/\\\/terapie-efficaci.com\\\/\"},{\"@type\":\"ListItem\",\"position\":2,\"name\":\"ADRIAPREST &#8211; TY Page\"}]},{\"@type\":\"WebSite\",\"@id\":\"https:\\\/\\\/terapie-efficaci.com\\\/#website\",\"url\":\"https:\\\/\\\/terapie-efficaci.com\\\/\",\"name\":\"Notizie Aggiornate\",\"description\":\"\",\"potentialAction\":[{\"@type\":\"SearchAction\",\"target\":{\"@type\":\"EntryPoint\",\"urlTemplate\":\"https:\\\/\\\/terapie-efficaci.com\\\/?s={search_term_string}\"},\"query-input\":{\"@type\":\"PropertyValueSpecification\",\"valueRequired\":true,\"valueName\":\"search_term_string\"}}],\"inLanguage\":\"it-IT\"}]}<\/script>\n<!-- \/ Yoast SEO plugin. -->","yoast_head_json":{"title":"NotizieFinanzarie.it","robots":{"index":"index","follow":"follow","max-snippet":"max-snippet:-1","max-image-preview":"max-image-preview:large","max-video-preview":"max-video-preview:-1"},"canonical":"https:\/\/caricamento-articolo-in-corso.com\/index.php\/adriaprest-ty-page\/","og_locale":"it_IT","og_type":"article","og_title":"NotizieFinanzarie.it","og_description":"Richiesta di Preventivo Inviata! IMPORTANTE:&nbsp;Presto verrai contattato per telefono da un consulente che ti dar\u00e0 tutte le informazioni che vuoi senza impegno. Assicurati di avere il cellulare a portata di mano. Oppure chiama adesso il numero verde: 800587085. In base alla nostra analisi, l&#8217;agenzia pi\u00f9 conveniente per te \u00e8: ADRIAPREST Abbiamo scelto Adriaprest perch\u00e9: 1 [&hellip;]","og_url":"https:\/\/caricamento-articolo-in-corso.com\/index.php\/adriaprest-ty-page\/","og_site_name":"Notizie Aggiornate","article_modified_time":"2023-06-16T09:49:48+00:00","twitter_card":"summary_large_image","twitter_misc":{"Tempo di lettura stimato":"4 minuti"},"schema":{"@context":"https:\/\/schema.org","@graph":[{"@type":"WebPage","@id":"https:\/\/caricamento-articolo-in-corso.com\/index.php\/adriaprest-ty-page\/","url":"https:\/\/caricamento-articolo-in-corso.com\/index.php\/adriaprest-ty-page\/","name":"NotizieFinanzarie.it","isPartOf":{"@id":"https:\/\/terapie-efficaci.com\/#website"},"datePublished":"2023-06-06T10:00:30+00:00","dateModified":"2023-06-16T09:49:48+00:00","breadcrumb":{"@id":"https:\/\/caricamento-articolo-in-corso.com\/index.php\/adriaprest-ty-page\/#breadcrumb"},"inLanguage":"it-IT","potentialAction":[{"@type":"ReadAction","target":["https:\/\/caricamento-articolo-in-corso.com\/index.php\/adriaprest-ty-page\/"]}]},{"@type":"BreadcrumbList","@id":"https:\/\/caricamento-articolo-in-corso.com\/index.php\/adriaprest-ty-page\/#breadcrumb","itemListElement":[{"@type":"ListItem","position":1,"name":"Home","item":"https:\/\/terapie-efficaci.com\/"},{"@type":"ListItem","position":2,"name":"ADRIAPREST &#8211; TY Page"}]},{"@type":"WebSite","@id":"https:\/\/terapie-efficaci.com\/#website","url":"https:\/\/terapie-efficaci.com\/","name":"Notizie Aggiornate","description":"","potentialAction":[{"@type":"SearchAction","target":{"@type":"EntryPoint","urlTemplate":"https:\/\/terapie-efficaci.com\/?s={search_term_string}"},"query-input":{"@type":"PropertyValueSpecification","valueRequired":true,"valueName":"search_term_string"}}],"inLanguage":"it-IT"}]}},"_links":{"self":[{"href":"https:\/\/lingue-facili.com\/index.php\/wp-json\/wp\/v2\/pages\/409","targetHints":{"allow":["GET"]}}],"collection":[{"href":"https:\/\/lingue-facili.com\/index.php\/wp-json\/wp\/v2\/pages"}],"about":[{"href":"https:\/\/lingue-facili.com\/index.php\/wp-json\/wp\/v2\/types\/page"}],"author":[{"embeddable":true,"href":"https:\/\/lingue-facili.com\/index.php\/wp-json\/wp\/v2\/users\/1"}],"replies":[{"embeddable":true,"href":"https:\/\/lingue-facili.com\/index.php\/wp-json\/wp\/v2\/comments?post=409"}],"version-history":[{"count":19,"href":"https:\/\/lingue-facili.com\/index.php\/wp-json\/wp\/v2\/pages\/409\/revisions"}],"predecessor-version":[{"id":678,"href":"https:\/\/lingue-facili.com\/index.php\/wp-json\/wp\/v2\/pages\/409\/revisions\/678"}],"wp:attachment":[{"href":"https:\/\/lingue-facili.com\/index.php\/wp-json\/wp\/v2\/media?parent=409"}],"wp:term":[{"taxonomy":"folder","embeddable":true,"href":"https:\/\/lingue-facili.com\/index.php\/wp-json\/wp\/v2\/folder?post=409"}],"curies":[{"name":"wp","href":"https:\/\/api.w.org\/{rel}","templated":true}]}}