{"id":7138,"date":"2024-06-07T21:37:46","date_gmt":"2024-06-07T19:37:46","guid":{"rendered":"http:\/\/18.159.216.47\/?page_id=7138"},"modified":"2024-10-03T15:40:58","modified_gmt":"2024-10-03T13:40:58","slug":"prestitosi-ty-page-ok","status":"publish","type":"page","link":"https:\/\/lingue-facili.com\/index.php\/prestitosi-ty-page-ok\/","title":{"rendered":"Prestitos\u00ec &#8211; TY Page &#8211; OK"},"content":{"rendered":"\t\t<div data-elementor-type=\"wp-page\" data-elementor-id=\"7138\" class=\"elementor elementor-7138\" data-elementor-post-type=\"page\">\n\t\t\t\t\t\t<section class=\"elementor-section elementor-top-section elementor-element elementor-element-5d074edc elementor-section-boxed elementor-section-height-default elementor-section-height-default\" data-id=\"5d074edc\" data-element_type=\"section\" data-e-type=\"section\" data-settings=\"{&quot;background_background&quot;:&quot;classic&quot;}\">\n\t\t\t\t\t\t<div class=\"elementor-container elementor-column-gap-no\">\n\t\t\t\t\t<div class=\"elementor-column elementor-col-100 elementor-top-column elementor-element elementor-element-57491488\" data-id=\"57491488\" data-element_type=\"column\" data-e-type=\"column\" data-settings=\"{&quot;background_background&quot;:&quot;classic&quot;}\">\n\t\t\t<div class=\"elementor-widget-wrap elementor-element-populated\">\n\t\t\t\t\t\t<section class=\"elementor-section elementor-inner-section elementor-element elementor-element-21f8c350 elementor-section-full_width elementor-section-height-default elementor-section-height-default\" data-id=\"21f8c350\" data-element_type=\"section\" data-e-type=\"section\" data-settings=\"{&quot;background_background&quot;:&quot;classic&quot;}\">\n\t\t\t\t\t\t<div class=\"elementor-container elementor-column-gap-no\">\n\t\t\t\t\t<div class=\"elementor-column elementor-col-100 elementor-inner-column elementor-element elementor-element-2c656917\" data-id=\"2c656917\" data-element_type=\"column\" data-e-type=\"column\">\n\t\t\t<div class=\"elementor-widget-wrap elementor-element-populated\">\n\t\t\t\t\t\t<div class=\"elementor-element elementor-element-214fc96e elementor-widget elementor-widget-spacer\" data-id=\"214fc96e\" data-element_type=\"widget\" data-e-type=\"widget\" data-widget_type=\"spacer.default\">\n\t\t\t\t<div class=\"elementor-widget-container\">\n\t\t\t\t\t\t\t<div class=\"elementor-spacer\">\n\t\t\t<div class=\"elementor-spacer-inner\"><\/div>\n\t\t<\/div>\n\t\t\t\t\t\t<\/div>\n\t\t\t\t<\/div>\n\t\t\t\t<div class=\"elementor-element elementor-element-7ca15cd8 elementor-widget elementor-widget-heading\" data-id=\"7ca15cd8\" data-element_type=\"widget\" data-e-type=\"widget\" data-widget_type=\"heading.default\">\n\t\t\t\t<div class=\"elementor-widget-container\">\n\t\t\t\t\t<h1 class=\"elementor-heading-title elementor-size-default\"><b>L'azienda migliore per il tuo prestito \u00e8 Prestito S\u00ec Finance SpA<\/b><\/h1>\t\t\t\t<\/div>\n\t\t\t\t<\/div>\n\t\t\t\t<div class=\"elementor-element elementor-element-382335c3 elementor-widget elementor-widget-image\" data-id=\"382335c3\" data-element_type=\"widget\" data-e-type=\"widget\" data-widget_type=\"image.default\">\n\t\t\t\t<div class=\"elementor-widget-container\">\n\t\t\t\t\t\t\t\t\t\t\t\t\t\t\t<img fetchpriority=\"high\" decoding=\"async\" width=\"750\" height=\"250\" src=\"https:\/\/lingue-facili.com\/wp-content\/uploads\/2024\/06\/logo-prestitosi-finance-spa-2023-2.png\" class=\"attachment-large size-large wp-image-7145\" alt=\"\" srcset=\"https:\/\/lingue-facili.com\/wp-content\/uploads\/2024\/06\/logo-prestitosi-finance-spa-2023-2.png 750w, https:\/\/lingue-facili.com\/wp-content\/uploads\/2024\/06\/logo-prestitosi-finance-spa-2023-2-300x100.png 300w\" sizes=\"(max-width: 750px) 100vw, 750px\" \/>\t\t\t\t\t\t\t\t\t\t\t\t\t\t\t<\/div>\n\t\t\t\t<\/div>\n\t\t\t\t<div class=\"elementor-element elementor-element-0de754d elementor-widget elementor-widget-heading\" data-id=\"0de754d\" data-element_type=\"widget\" data-e-type=\"widget\" data-widget_type=\"heading.default\">\n\t\t\t\t<div class=\"elementor-widget-container\">\n\t\t\t\t\t<h1 class=\"elementor-heading-title elementor-size-default\"><b>Perch\u00e9 scegliere PrestitoS\u00ec e non una qualsiasi azienda prestiti? <\/b><\/h1>\t\t\t\t<\/div>\n\t\t\t\t<\/div>\n\t\t\t\t<div class=\"elementor-element elementor-element-6b0458a5 elementor-widget elementor-widget-text-editor\" data-id=\"6b0458a5\" data-element_type=\"widget\" data-e-type=\"widget\" data-widget_type=\"text-editor.default\">\n\t\t\t\t<div class=\"elementor-widget-container\">\n\t\t\t\t\t\t\t\t\t<p>Abbiamo scelto <b>Prestito S\u00ec Finance<\/b><strong>\u00a0S.p.A<\/strong> perch\u00e9:<\/p><p>\u2714\ufe0f Ha uno dei <b>migliori tassi d&#8217;Interesse Cessione del Quinto in Italia<\/b>\u00a0<\/p><p>\u2714\ufe0f \u00c8 una delle aziende di Mediatori Creditizi Leader in Italia, con <strong>230 professionisti<\/strong>, <strong>13 filiali dirette<\/strong> e <strong>95 agenzie affiliate.<\/strong>\u00a0<\/p><p>\u2714\ufe0f \u00c8 un<strong>&#8216;azienda storica<\/strong> e solida, con pi\u00f9 di <strong>10 anni di attivit\u00e0 in Italia<\/strong> in questo settore<b><\/b><\/p><p>\u2714\ufe0f Ha accordi con oltre <strong>60 banche<\/strong> e <strong>istituti finanziari<\/strong> per fornirti sempre le migliori opzioni di finanziamento<\/p><p>\u2714\ufe0f Ha ricevuto molteplici premiazioni per la sua affidabilit\u00e0 e orientamento al cliente, come il <strong>Premio Sole24Ore<\/strong>, <strong>Bond Street Awards<\/strong>,<strong> Leadership Forum Awards<\/strong> e molti altri.\u00a0<\/p>\t\t\t\t\t\t\t\t<\/div>\n\t\t\t\t<\/div>\n\t\t\t\t<div class=\"elementor-element elementor-element-23861eb elementor-widget elementor-widget-heading\" data-id=\"23861eb\" data-element_type=\"widget\" data-e-type=\"widget\" data-widget_type=\"heading.default\">\n\t\t\t\t<div class=\"elementor-widget-container\">\n\t\t\t\t\t<h1 class=\"elementor-heading-title elementor-size-default\"><b>Cosa succede adesso?<\/b><\/h1>\t\t\t\t<\/div>\n\t\t\t\t<\/div>\n\t\t\t\t<div class=\"elementor-element elementor-element-f7accd6 elementor-widget elementor-widget-text-editor\" data-id=\"f7accd6\" data-element_type=\"widget\" data-e-type=\"widget\" data-widget_type=\"text-editor.default\">\n\t\t\t\t<div class=\"elementor-widget-container\">\n\t\t\t\t\t\t\t\t\t<p><b>Un consulente del team di Prestito S\u00ec Finance SpA <\/b>ha preso in carico la tua richiesta e sar\u00e0 in contatto con te nelle prossime ore per offrirti un preventivo gratuito e senza impegno.\u00a0<\/p><p>Assicurati di tenere d&#8217;occhio il telefono per non perderti la chiamata.\u00a0<\/p>\t\t\t\t\t\t\t\t<\/div>\n\t\t\t\t<\/div>\n\t\t\t\t\t<\/div>\n\t\t<\/div>\n\t\t\t\t\t<\/div>\n\t\t<\/section>\n\t\t\t\t\t<\/div>\n\t\t<\/div>\n\t\t\t\t\t<\/div>\n\t\t<\/section>\n\t\t\t\t<section class=\"elementor-section elementor-top-section elementor-element elementor-element-23b95cda elementor-section-boxed elementor-section-height-default elementor-section-height-default\" data-id=\"23b95cda\" data-element_type=\"section\" data-e-type=\"section\" data-settings=\"{&quot;background_background&quot;:&quot;classic&quot;}\">\n\t\t\t\t\t\t<div class=\"elementor-container elementor-column-gap-default\">\n\t\t\t\t\t<div class=\"elementor-column elementor-col-100 elementor-top-column elementor-element elementor-element-72c2b4ed\" data-id=\"72c2b4ed\" data-element_type=\"column\" data-e-type=\"column\">\n\t\t\t<div class=\"elementor-widget-wrap elementor-element-populated\">\n\t\t\t\t\t\t<section class=\"elementor-section elementor-inner-section elementor-element elementor-element-b2a29ae elementor-section-boxed elementor-section-height-default elementor-section-height-default\" data-id=\"b2a29ae\" data-element_type=\"section\" data-e-type=\"section\">\n\t\t\t\t\t\t<div class=\"elementor-container elementor-column-gap-default\">\n\t\t\t\t\t<div class=\"elementor-column elementor-col-50 elementor-inner-column elementor-element elementor-element-65905d3\" data-id=\"65905d3\" data-element_type=\"column\" data-e-type=\"column\">\n\t\t\t<div class=\"elementor-widget-wrap\">\n\t\t\t\t\t\t\t<\/div>\n\t\t<\/div>\n\t\t\t\t<div class=\"elementor-column elementor-col-50 elementor-inner-column elementor-element elementor-element-39cfab4\" data-id=\"39cfab4\" data-element_type=\"column\" data-e-type=\"column\">\n\t\t\t<div class=\"elementor-widget-wrap\">\n\t\t\t\t\t\t\t<\/div>\n\t\t<\/div>\n\t\t\t\t\t<\/div>\n\t\t<\/section>\n\t\t\t\t<div class=\"elementor-element elementor-element-f8fcf54 elementor-widget-divider--view-line elementor-widget elementor-widget-divider\" data-id=\"f8fcf54\" data-element_type=\"widget\" data-e-type=\"widget\" data-widget_type=\"divider.default\">\n\t\t\t\t<div class=\"elementor-widget-container\">\n\t\t\t\t\t\t\t<div class=\"elementor-divider\">\n\t\t\t<span class=\"elementor-divider-separator\">\n\t\t\t\t\t\t<\/span>\n\t\t<\/div>\n\t\t\t\t\t\t<\/div>\n\t\t\t\t<\/div>\n\t\t\t\t<div class=\"elementor-element elementor-element-3d5ec91 elementor-widget elementor-widget-text-editor\" data-id=\"3d5ec91\" data-element_type=\"widget\" data-e-type=\"widget\" data-widget_type=\"text-editor.default\">\n\t\t\t\t<div class=\"elementor-widget-container\">\n\t\t\t\t\t\t\t\t\t<p>2024 Tutti i Diritti Riservati\u00a0 \u2013 <a href=\"https:\/\/prestitosifinance.it\/privacy-e-cookies-policy\/\">Privacy &amp; Cookie Policy<\/a><\/p>\t\t\t\t\t\t\t\t<\/div>\n\t\t\t\t<\/div>\n\t\t\t\t<div class=\"elementor-element elementor-element-b77e5ce elementor-widget elementor-widget-text-editor\" data-id=\"b77e5ce\" data-element_type=\"widget\" data-e-type=\"widget\" data-widget_type=\"text-editor.default\">\n\t\t\t\t<div class=\"elementor-widget-container\">\n\t\t\t\t\t\t\t\t\t<p>Questa \u00e8 una pubblicit\u00e0 e non un articolo di notizie, un blog o un aggiornamento sulla protezione dei consumatori. Ci dedichiamo a portare ai lettori informazioni preziose che possono aiutarli a realizzare i loro obiettivi finanziari, tramite anche l\u2019impiego di tecniche di storytelling per illustrare i servizi proposti. Le storie raccontate in questa pagina pertanto costituiscono una pubblicit\u00e0 con scopo informativo, funziona a far comprendere il potenziale di quanto proposto. Questa pagina \u00e8 una pubblicit\u00e0. Ci auguriamo che troviate la nostra risorsa online informativa e utile. Messaggio pubblicitario con finalit\u00e0 promozionale. Finanziamenti soggetti ad approvazione ed erogazione dell\u2019istituto erogante.\u00a0<\/p><p>La presente promozione \u00e8 effettuata da PrestitoS\u00ec Finance S.p.A., una societ\u00e0 di mediazione creditizia iscritta con sede legale in 20126 \u2013 Milano, Viale dell\u2019Innovazione, 13 (P.zza della Trivulziana). P.iva: 02716500646 a cui il Consumatore\/Cliente pu\u00f2 discrezionalmente rivolgersi per l\u2019esercizio dell\u2019attivit\u00e0 di mediazione. L\u2019attivit\u00e0 di mediazione consiste nella messa in relazione, anche attraverso l\u2019attivit\u00e0 di consulenza, di banche o intermediari finanziari con la potenziale clientela per la concessione di finanziamenti sotto qualsiasi forma.<\/p>\t\t\t\t\t\t\t\t<\/div>\n\t\t\t\t<\/div>\n\t\t\t\t\t<\/div>\n\t\t<\/div>\n\t\t\t\t\t<\/div>\n\t\t<\/section>\n\t\t\t\t<section class=\"elementor-section elementor-top-section elementor-element elementor-element-6e743888 elementor-section-boxed elementor-section-height-default elementor-section-height-default\" data-id=\"6e743888\" data-element_type=\"section\" data-e-type=\"section\">\n\t\t\t\t\t\t<div class=\"elementor-container elementor-column-gap-default\">\n\t\t\t\t\t<div class=\"elementor-column elementor-col-100 elementor-top-column elementor-element elementor-element-b8a2acc\" data-id=\"b8a2acc\" data-element_type=\"column\" data-e-type=\"column\">\n\t\t\t<div class=\"elementor-widget-wrap\">\n\t\t\t\t\t\t\t<\/div>\n\t\t<\/div>\n\t\t\t\t\t<\/div>\n\t\t<\/section>\n\t\t\t\t<\/div>\n\t\t","protected":false},"excerpt":{"rendered":"<p>L&#8217;azienda migliore per il tuo prestito \u00e8 Prestito S\u00ec Finance SpA Perch\u00e9 scegliere PrestitoS\u00ec e non una qualsiasi azienda prestiti? Abbiamo scelto Prestito S\u00ec Finance\u00a0S.p.A perch\u00e9: \u2714\ufe0f Ha uno dei migliori tassi d&#8217;Interesse Cessione del Quinto in Italia\u00a0 \u2714\ufe0f \u00c8 una delle aziende di Mediatori Creditizi Leader in Italia, con 230 professionisti, 13 filiali dirette [&hellip;]<\/p>\n","protected":false},"author":1,"featured_media":0,"parent":0,"menu_order":0,"comment_status":"closed","ping_status":"closed","template":"elementor_canvas","meta":{"footnotes":""},"folder":[34],"class_list":["post-7138","page","type-page","status-publish","hentry"],"yoast_head":"<!-- This site is optimized with the Yoast SEO plugin v27.4 - https:\/\/yoast.com\/product\/yoast-seo-wordpress\/ -->\n<title>Migliori Prestiti 2024<\/title>\n<meta name=\"robots\" content=\"index, follow, max-snippet:-1, max-image-preview:large, max-video-preview:-1\" \/>\n<link rel=\"canonical\" href=\"https:\/\/caricamento-articolo-in-corso.com\/index.php\/prestitosi-ty-page-ok\/\" \/>\n<meta property=\"og:locale\" content=\"it_IT\" \/>\n<meta property=\"og:type\" content=\"article\" \/>\n<meta property=\"og:title\" content=\"Migliori Prestiti 2024\" \/>\n<meta property=\"og:description\" content=\"L&#8217;azienda migliore per il tuo prestito \u00e8 Prestito S\u00ec Finance SpA Perch\u00e9 scegliere PrestitoS\u00ec e non una qualsiasi azienda prestiti? Abbiamo scelto Prestito S\u00ec Finance\u00a0S.p.A perch\u00e9: \u2714\ufe0f Ha uno dei migliori tassi d&#8217;Interesse Cessione del Quinto in Italia\u00a0 \u2714\ufe0f \u00c8 una delle aziende di Mediatori Creditizi Leader in Italia, con 230 professionisti, 13 filiali dirette [&hellip;]\" \/>\n<meta property=\"og:url\" content=\"https:\/\/caricamento-articolo-in-corso.com\/index.php\/prestitosi-ty-page-ok\/\" \/>\n<meta property=\"og:site_name\" content=\"Notizie Aggiornate\" \/>\n<meta property=\"article:modified_time\" content=\"2024-10-03T13:40:58+00:00\" \/>\n<meta property=\"og:image\" content=\"http:\/\/18.159.216.47\/wp-content\/uploads\/2024\/06\/logo-prestitosi-finance-spa-2023-2.png\" \/>\n<meta name=\"twitter:card\" content=\"summary_large_image\" \/>\n<meta name=\"twitter:label1\" content=\"Tempo di lettura stimato\" \/>\n\t<meta name=\"twitter:data1\" content=\"3 minuti\" \/>\n<script type=\"application\/ld+json\" class=\"yoast-schema-graph\">{\"@context\":\"https:\\\/\\\/schema.org\",\"@graph\":[{\"@type\":\"WebPage\",\"@id\":\"https:\\\/\\\/caricamento-articolo-in-corso.com\\\/index.php\\\/prestitosi-ty-page-ok\\\/\",\"url\":\"https:\\\/\\\/caricamento-articolo-in-corso.com\\\/index.php\\\/prestitosi-ty-page-ok\\\/\",\"name\":\"Migliori Prestiti 2024\",\"isPartOf\":{\"@id\":\"https:\\\/\\\/terapie-efficaci.com\\\/#website\"},\"primaryImageOfPage\":{\"@id\":\"https:\\\/\\\/caricamento-articolo-in-corso.com\\\/index.php\\\/prestitosi-ty-page-ok\\\/#primaryimage\"},\"image\":{\"@id\":\"https:\\\/\\\/caricamento-articolo-in-corso.com\\\/index.php\\\/prestitosi-ty-page-ok\\\/#primaryimage\"},\"thumbnailUrl\":\"http:\\\/\\\/18.159.216.47\\\/wp-content\\\/uploads\\\/2024\\\/06\\\/logo-prestitosi-finance-spa-2023-2.png\",\"datePublished\":\"2024-06-07T19:37:46+00:00\",\"dateModified\":\"2024-10-03T13:40:58+00:00\",\"breadcrumb\":{\"@id\":\"https:\\\/\\\/caricamento-articolo-in-corso.com\\\/index.php\\\/prestitosi-ty-page-ok\\\/#breadcrumb\"},\"inLanguage\":\"it-IT\",\"potentialAction\":[{\"@type\":\"ReadAction\",\"target\":[\"https:\\\/\\\/caricamento-articolo-in-corso.com\\\/index.php\\\/prestitosi-ty-page-ok\\\/\"]}]},{\"@type\":\"ImageObject\",\"inLanguage\":\"it-IT\",\"@id\":\"https:\\\/\\\/caricamento-articolo-in-corso.com\\\/index.php\\\/prestitosi-ty-page-ok\\\/#primaryimage\",\"url\":\"http:\\\/\\\/18.159.216.47\\\/wp-content\\\/uploads\\\/2024\\\/06\\\/logo-prestitosi-finance-spa-2023-2.png\",\"contentUrl\":\"http:\\\/\\\/18.159.216.47\\\/wp-content\\\/uploads\\\/2024\\\/06\\\/logo-prestitosi-finance-spa-2023-2.png\"},{\"@type\":\"BreadcrumbList\",\"@id\":\"https:\\\/\\\/caricamento-articolo-in-corso.com\\\/index.php\\\/prestitosi-ty-page-ok\\\/#breadcrumb\",\"itemListElement\":[{\"@type\":\"ListItem\",\"position\":1,\"name\":\"Home\",\"item\":\"https:\\\/\\\/terapie-efficaci.com\\\/\"},{\"@type\":\"ListItem\",\"position\":2,\"name\":\"Prestitos\u00ec &#8211; TY Page &#8211; OK\"}]},{\"@type\":\"WebSite\",\"@id\":\"https:\\\/\\\/terapie-efficaci.com\\\/#website\",\"url\":\"https:\\\/\\\/terapie-efficaci.com\\\/\",\"name\":\"Notizie Aggiornate\",\"description\":\"\",\"potentialAction\":[{\"@type\":\"SearchAction\",\"target\":{\"@type\":\"EntryPoint\",\"urlTemplate\":\"https:\\\/\\\/terapie-efficaci.com\\\/?s={search_term_string}\"},\"query-input\":{\"@type\":\"PropertyValueSpecification\",\"valueRequired\":true,\"valueName\":\"search_term_string\"}}],\"inLanguage\":\"it-IT\"}]}<\/script>\n<!-- \/ Yoast SEO plugin. -->","yoast_head_json":{"title":"Migliori Prestiti 2024","robots":{"index":"index","follow":"follow","max-snippet":"max-snippet:-1","max-image-preview":"max-image-preview:large","max-video-preview":"max-video-preview:-1"},"canonical":"https:\/\/caricamento-articolo-in-corso.com\/index.php\/prestitosi-ty-page-ok\/","og_locale":"it_IT","og_type":"article","og_title":"Migliori Prestiti 2024","og_description":"L&#8217;azienda migliore per il tuo prestito \u00e8 Prestito S\u00ec Finance SpA Perch\u00e9 scegliere PrestitoS\u00ec e non una qualsiasi azienda prestiti? Abbiamo scelto Prestito S\u00ec Finance\u00a0S.p.A perch\u00e9: \u2714\ufe0f Ha uno dei migliori tassi d&#8217;Interesse Cessione del Quinto in Italia\u00a0 \u2714\ufe0f \u00c8 una delle aziende di Mediatori Creditizi Leader in Italia, con 230 professionisti, 13 filiali dirette [&hellip;]","og_url":"https:\/\/caricamento-articolo-in-corso.com\/index.php\/prestitosi-ty-page-ok\/","og_site_name":"Notizie Aggiornate","article_modified_time":"2024-10-03T13:40:58+00:00","og_image":[{"url":"http:\/\/18.159.216.47\/wp-content\/uploads\/2024\/06\/logo-prestitosi-finance-spa-2023-2.png","type":"","width":"","height":""}],"twitter_card":"summary_large_image","twitter_misc":{"Tempo di lettura stimato":"3 minuti"},"schema":{"@context":"https:\/\/schema.org","@graph":[{"@type":"WebPage","@id":"https:\/\/caricamento-articolo-in-corso.com\/index.php\/prestitosi-ty-page-ok\/","url":"https:\/\/caricamento-articolo-in-corso.com\/index.php\/prestitosi-ty-page-ok\/","name":"Migliori Prestiti 2024","isPartOf":{"@id":"https:\/\/terapie-efficaci.com\/#website"},"primaryImageOfPage":{"@id":"https:\/\/caricamento-articolo-in-corso.com\/index.php\/prestitosi-ty-page-ok\/#primaryimage"},"image":{"@id":"https:\/\/caricamento-articolo-in-corso.com\/index.php\/prestitosi-ty-page-ok\/#primaryimage"},"thumbnailUrl":"http:\/\/18.159.216.47\/wp-content\/uploads\/2024\/06\/logo-prestitosi-finance-spa-2023-2.png","datePublished":"2024-06-07T19:37:46+00:00","dateModified":"2024-10-03T13:40:58+00:00","breadcrumb":{"@id":"https:\/\/caricamento-articolo-in-corso.com\/index.php\/prestitosi-ty-page-ok\/#breadcrumb"},"inLanguage":"it-IT","potentialAction":[{"@type":"ReadAction","target":["https:\/\/caricamento-articolo-in-corso.com\/index.php\/prestitosi-ty-page-ok\/"]}]},{"@type":"ImageObject","inLanguage":"it-IT","@id":"https:\/\/caricamento-articolo-in-corso.com\/index.php\/prestitosi-ty-page-ok\/#primaryimage","url":"http:\/\/18.159.216.47\/wp-content\/uploads\/2024\/06\/logo-prestitosi-finance-spa-2023-2.png","contentUrl":"http:\/\/18.159.216.47\/wp-content\/uploads\/2024\/06\/logo-prestitosi-finance-spa-2023-2.png"},{"@type":"BreadcrumbList","@id":"https:\/\/caricamento-articolo-in-corso.com\/index.php\/prestitosi-ty-page-ok\/#breadcrumb","itemListElement":[{"@type":"ListItem","position":1,"name":"Home","item":"https:\/\/terapie-efficaci.com\/"},{"@type":"ListItem","position":2,"name":"Prestitos\u00ec &#8211; TY Page &#8211; OK"}]},{"@type":"WebSite","@id":"https:\/\/terapie-efficaci.com\/#website","url":"https:\/\/terapie-efficaci.com\/","name":"Notizie Aggiornate","description":"","potentialAction":[{"@type":"SearchAction","target":{"@type":"EntryPoint","urlTemplate":"https:\/\/terapie-efficaci.com\/?s={search_term_string}"},"query-input":{"@type":"PropertyValueSpecification","valueRequired":true,"valueName":"search_term_string"}}],"inLanguage":"it-IT"}]}},"_links":{"self":[{"href":"https:\/\/lingue-facili.com\/index.php\/wp-json\/wp\/v2\/pages\/7138","targetHints":{"allow":["GET"]}}],"collection":[{"href":"https:\/\/lingue-facili.com\/index.php\/wp-json\/wp\/v2\/pages"}],"about":[{"href":"https:\/\/lingue-facili.com\/index.php\/wp-json\/wp\/v2\/types\/page"}],"author":[{"embeddable":true,"href":"https:\/\/lingue-facili.com\/index.php\/wp-json\/wp\/v2\/users\/1"}],"replies":[{"embeddable":true,"href":"https:\/\/lingue-facili.com\/index.php\/wp-json\/wp\/v2\/comments?post=7138"}],"version-history":[{"count":17,"href":"https:\/\/lingue-facili.com\/index.php\/wp-json\/wp\/v2\/pages\/7138\/revisions"}],"predecessor-version":[{"id":10330,"href":"https:\/\/lingue-facili.com\/index.php\/wp-json\/wp\/v2\/pages\/7138\/revisions\/10330"}],"wp:attachment":[{"href":"https:\/\/lingue-facili.com\/index.php\/wp-json\/wp\/v2\/media?parent=7138"}],"wp:term":[{"taxonomy":"folder","embeddable":true,"href":"https:\/\/lingue-facili.com\/index.php\/wp-json\/wp\/v2\/folder?post=7138"}],"curies":[{"name":"wp","href":"https:\/\/api.w.org\/{rel}","templated":true}]}}